{"id":67,"date":"2020-03-15T16:12:51","date_gmt":"2020-03-15T16:12:51","guid":{"rendered":"http:\/\/www.dirittofuturo.org\/?page_id=67"},"modified":"2025-10-05T16:39:58","modified_gmt":"2025-10-05T14:39:58","slug":"chi-siamo","status":"publish","type":"page","link":"https:\/\/www.dirittofuturo.org\/?page_id=67","title":{"rendered":"Chi siamo"},"content":{"rendered":"\n<p class=\"has-text-align-left\">L\u2019Associazione Diritto al Futuro ETS-APS (Ente del Terzo Settore &#8211; Associazione di Promozione Sociale) \u00e8 nata a Torino il 22 giugno 2018 ed \u00e8 attualmente attiva in Piemonte e in Valle d&#8217;Aosta. <\/p>\n\n\n\n<h1 class=\"wp-block-heading\">Manifesto &#8211; Per una societ\u00e0 equa<\/h1>\n\n\n\n<p class=\"has-text-align-center\" style=\"font-size:14px\"><em>\u201c\u2026una societ\u00e0 in cui non siano l&#8217;origine sociale, l\u2019etnia o il genere a delineare le opportunit\u00e0 e a tracciare il destino delle persone, ma le <strong>attitudini<\/strong>, le <strong>aspirazioni<\/strong>, l&#8217;<strong>impegno<\/strong>, le <strong>capacit\u00e0<\/strong> e le <strong>competenze<\/strong> delle stesse, <strong>nel rispetto dei bisogni <\/strong>di ognuno.\u201d<\/em><\/p>\n\n\n\n<p style=\"font-size:14px\">Le <strong>diseguaglianze economiche e sociali<\/strong> sono <strong>in crescita<\/strong> da oltre quarant\u2019anni.<br>Tutte le analisi riguardo la concentrazione della ricchezza e del reddito mostrano che le disponibilit\u00e0 di risorse economiche si stanno concentrando nelle mani di un numero sempre pi\u00f9 ristretto di persone. Se da un lato le differenze economiche tra paesi si sono mediamente ridotte in tempi recenti, il fenomeno della crescita delle diseguaglianze economiche investe, al loro interno, tutti i paesi del mondo: dagli USA all\u2019Europa, fino a raggiungere livelli ancora pi\u00f9 elevati in Cina e India.<br>Nello stesso tempo continuano a persistere forme di diseguaglianza \u2013 e quindi discriminazione \u2013 basate sul genere, oppure sull\u2019etnia.<br><strong>Riteniamo<\/strong> questo fenomeno, nelle sue molteplici forme e connotazioni, <strong>un ostacolo al libero e pieno sviluppo della persona<\/strong>, oltre che un impedimento rispetto al rafforzamento delle comunit\u00e0, dato che influisce in maniera determinante sull\u2019eguaglianza dei punti di partenza e sulle scelte che le persone possono sentirsi \u2013 ed essere \u2013 libere di fare.<br>A partire da questo moto etico, ma che immediatamente richiama un approccio teorico e una visione pratica, date le sue conseguenze sul funzionamento della societ\u00e0, vogliamo contribuire al dibattito sulle diseguaglianze &#8211; assolutamente vivo ed oggi pi\u00f9 che mai necessario &#8211; con ricerche, approfondimenti e confronti.<br>Ricerche sulle origini, come sugli effetti, del fenomeno.<br>Sugli aspetti di giustificazione teorica e morale di vecchie e nuove discriminazioni.<br>Sulle ricadute individuali e collettive (materiali ed immateriali, per cos\u00ec dire) degli attuali assetti sociali, fondati sulla diseguaglianza tra individui, gruppi, nazioni.<\/p>\n\n\n\n<p><strong>Consideriamo<\/strong> le diseguaglianze un fenomeno inevitabilmente situato in un dato contesto sociale, che lo definisce e qualifica, lo produce e riproduce.<br>I livelli attuali di diseguaglianza non sono \u201cnaturali\u201d, \u201cimmutabili\u201d, \u201ceterni\u201d, \u201cgiusti\u201d.<br>Sono figli di determinate condizioni sociali, specifiche scelte politiche, contingenze storiche ben definite.<br>La diseguaglianza dei punti di partenza \u00e8 molto spesso <strong>sinonimo di iniquit\u00e0<\/strong>. Ci richiamano all\u2019azione tutte le conseguenze che questo implica in termini di sofferenze umane, aspirazioni frustrate, impoverimento individuale e comunitario, insufficienza nelle risposte ai bisogni della persona e della collettivit\u00e0, disparit\u00e0 di potere che sono foriere di prevaricazioni \u2013 e a loro volta di \u201cnuove\/vecchie\u201d diseguaglianze.<\/p>\n\n\n\n<p>Nell&#8217;ottica di <strong>capire le diseguaglianze per contrastarle<\/strong>, intendiamo innanzitutto articolare il concetto di diseguaglianza nelle sue molteplici accezioni: economiche (di reddito, ma non solo) e sociali (di capitale sociale e relazionale), tra i generi, tra classi o etnie, tra nazioni.<br>Dallo studio dell\u2019andamento di redditi e patrimoni, a quello degli effetti dei sistemi normativi o simbolici, dall\u2019analisi dei processi tecnologici a quella dell\u2019accesso ai servizi pubblici, il campo d\u2019indagine \u00e8 vasto.<br>Ma chi vuole imprimere una svolta in direzione di una maggiore giustizia sociale deve innanzitutto interrogarsi e capire per agire. Lo sforzo e l\u2019asprezza della sfida non spaventino.<br>La <strong>variet\u00e0 di sensibilit\u00e0<\/strong> che arricchiscono questa Associazione rafforzeranno e stimoleranno il dibattito e le relazioni con gli altri soggetti che muovono in quella stessa direzione.<br>Da qui partiamo, allora \u2013 dalla variet\u00e0 delle sensibilit\u00e0 &#8211; e qui ritorneremo.<br>Convinti che <strong>la ricchezza della diversit\u00e0<\/strong> sia un potenziale che si realizza liberamente solo quando un certo tasso di eguaglianza \u00e8 rispettato, indagheremo la realt\u00e0 per tornare ad immaginare una societ\u00e0 pi\u00f9 <strong>giusta, equa, sostenibile ed inclusiva<\/strong>.<\/p>\n\n\n\n<h1 class=\"wp-block-heading has-text-align-left\">La struttura associativa<\/h1>\n\n\n\n<figure class=\"wp-block-gallery has-nested-images columns-default is-cropped wp-block-gallery-1 is-layout-flex wp-block-gallery-is-layout-flex\">\n<figure class=\"wp-block-image size-large\"><img loading=\"lazy\" decoding=\"async\" width=\"720\" height=\"405\" data-id=\"1884\" src=\"https:\/\/www.dirittofuturo.org\/wp-content\/uploads\/2024\/09\/1DirittoFuturo-2.png\" alt=\"\" class=\"wp-image-1884\" srcset=\"https:\/\/www.dirittofuturo.org\/wp-content\/uploads\/2024\/09\/1DirittoFuturo-2.png 720w, https:\/\/www.dirittofuturo.org\/wp-content\/uploads\/2024\/09\/1DirittoFuturo-2-300x169.png 300w\" sizes=\"auto, (max-width: 720px) 100vw, 720px\" \/><\/figure>\n<\/figure>\n<div style='text-align:center' class='yasr-auto-insert-visitor'><!--Yasr Visitor Votes Shortcode--><div id='yasr_visitor_votes_d7006a480aca6' class='yasr-visitor-votes'><div class=\"yasr-custom-text-vv-before yasr-custom-text-vv-before-67\">Clicca per votare questo articolo!<\/div><div id='yasr-vv-second-row-container-d7006a480aca6'\r\n                                        class='yasr-vv-second-row-container'><div id='yasr-visitor-votes-rater-d7006a480aca6'\r\n                                      class='yasr-rater-stars-vv'\r\n                                      data-rater-postid='67'\r\n                                      data-rating='0'\r\n                                      data-rater-starsize='32'\r\n                                      data-rater-readonly='false'\r\n                                      data-rater-nonce='f6054d939a'\r\n                                      data-issingular='false'\r\n                                    ><\/div><div class=\"yasr-vv-stats-text-container\" id=\"yasr-vv-stats-text-container-d7006a480aca6\"><svg xmlns=\"https:\/\/www.w3.org\/2000\/svg\" width=\"20\" height=\"20\"\r\n                                   class=\"yasr-dashicons-visitor-stats\"\r\n                                   data-postid=\"67\"\r\n                                   id=\"yasr-stats-dashicon-d7006a480aca6\">\r\n                                   <path d=\"M18 18v-16h-4v16h4zM12 18v-11h-4v11h4zM6 18v-8h-4v8h4z\"><\/path>\r\n                               <\/svg><span id=\"yasr-vv-text-container-d7006a480aca6\" class=\"yasr-vv-text-container\">[Total: <span id=\"yasr-vv-votes-number-container-d7006a480aca6\">0<\/span>  Average: <span id=\"yasr-vv-average-container-d7006a480aca6\">0<\/span>]<\/span><\/div><div id='yasr-vv-loader-d7006a480aca6' class='yasr-vv-container-loader'><\/div><\/div><div id='yasr-vv-bottom-container-d7006a480aca6' class='yasr-vv-bottom-container'><\/div><\/div><!--End Yasr Visitor Votes Shortcode--><\/div>","protected":false},"excerpt":{"rendered":"<p>L\u2019Associazione Diritto al Futuro ETS-APS (Ente del Terzo Settore &#8211; Associazione di Promozione Sociale) \u00e8 nata a Torino il 22 giugno 2018 ed \u00e8 attualmente attiva in Piemonte e in Valle d&#8217;Aosta. Manifesto &#8211; Per una societ\u00e0 equa \u201c\u2026una societ\u00e0 in cui non siano l&#8217;origine sociale, l\u2019etnia o il genere a delineare le opportunit\u00e0 e &hellip; <\/p>\n<p class=\"link-more\"><a href=\"https:\/\/www.dirittofuturo.org\/?page_id=67\" class=\"more-link\">Leggi tutto<span class=\"screen-reader-text\"> &#8220;Chi siamo&#8221;<\/span><\/a><\/p>\n","protected":false},"author":1,"featured_media":0,"parent":0,"menu_order":0,"comment_status":"closed","ping_status":"closed","template":"","meta":{"yasr_overall_rating":0,"yasr_post_is_review":"","yasr_auto_insert_disabled":"","yasr_review_type":"","footnotes":""},"class_list":["post-67","page","type-page","status-publish","hentry"],"yasr_visitor_votes":{"stars_attributes":{"read_only":false,"span_bottom":false},"number_of_votes":0,"sum_votes":0},"_links":{"self":[{"href":"https:\/\/www.dirittofuturo.org\/index.php?rest_route=\/wp\/v2\/pages\/67","targetHints":{"allow":["GET"]}}],"collection":[{"href":"https:\/\/www.dirittofuturo.org\/index.php?rest_route=\/wp\/v2\/pages"}],"about":[{"href":"https:\/\/www.dirittofuturo.org\/index.php?rest_route=\/wp\/v2\/types\/page"}],"author":[{"embeddable":true,"href":"https:\/\/www.dirittofuturo.org\/index.php?rest_route=\/wp\/v2\/users\/1"}],"replies":[{"embeddable":true,"href":"https:\/\/www.dirittofuturo.org\/index.php?rest_route=%2Fwp%2Fv2%2Fcomments&post=67"}],"version-history":[{"count":32,"href":"https:\/\/www.dirittofuturo.org\/index.php?rest_route=\/wp\/v2\/pages\/67\/revisions"}],"predecessor-version":[{"id":1885,"href":"https:\/\/www.dirittofuturo.org\/index.php?rest_route=\/wp\/v2\/pages\/67\/revisions\/1885"}],"wp:attachment":[{"href":"https:\/\/www.dirittofuturo.org\/index.php?rest_route=%2Fwp%2Fv2%2Fmedia&parent=67"}],"curies":[{"name":"wp","href":"https:\/\/api.w.org\/{rel}","templated":true}]}}