{"id":602,"date":"2020-06-26T17:56:46","date_gmt":"2020-06-26T15:56:46","guid":{"rendered":"http:\/\/www.dirittofuturo.org\/?page_id=602"},"modified":"2025-10-05T16:56:10","modified_gmt":"2025-10-05T14:56:10","slug":"diritto-allo-studio","status":"publish","type":"page","link":"https:\/\/www.dirittofuturo.org\/?page_id=602","title":{"rendered":"Diritto allo studio"},"content":{"rendered":"\n<figure class=\"wp-block-image size-large\"><img loading=\"lazy\" decoding=\"async\" width=\"1024\" height=\"576\" src=\"https:\/\/www.dirittofuturo.org\/wp-content\/uploads\/2020\/06\/4-1024x576.jpg\" alt=\"\" class=\"wp-image-603\" srcset=\"https:\/\/www.dirittofuturo.org\/wp-content\/uploads\/2020\/06\/4-1024x576.jpg 1024w, https:\/\/www.dirittofuturo.org\/wp-content\/uploads\/2020\/06\/4-300x169.jpg 300w, https:\/\/www.dirittofuturo.org\/wp-content\/uploads\/2020\/06\/4-768x432.jpg 768w, https:\/\/www.dirittofuturo.org\/wp-content\/uploads\/2020\/06\/4.jpg 1280w\" sizes=\"auto, (max-width: 767px) 89vw, (max-width: 1000px) 54vw, (max-width: 1071px) 543px, 580px\" \/><\/figure>\n\n\n\n<hr class=\"wp-block-separator\"\/>\n\n\n\n<p>L\u2019Associazione Diritto al Futuro ETS-APS sostiene il diritto allo studio.<\/p>\n\n\n\n<p>Offre un progetto integrato di sostegno economico e counseling psicologico.<\/p>\n\n\n\n<p>L\u2019obiettivo \u00e8 incentivare ed ampliare la possibilit\u00e0 di accesso agli studi universitari, ed evitare che studenti con minori disponibilit\u00e0 economiche e\/o piccole o grandi difficolt\u00e0 di natura psiciologico-motivazionale abbiano minori opportunit\u00e0 di intraprendere un corso di studi e di portarlo a termine.<\/p>\n\n\n\n<p>BANDI PER INTERVENTI DI SOSTEGNO ALLO STUDIO \u2013 ANNO ACCADEMICO 2020\/2021<\/p>\n\n\n\n<p>L\u2019intervento offerto dall\u2019Associazione consiste in:<\/p>\n\n\n\n<ul class=\"wp-block-list\"><li>un\u2019erogazione economica che prevede pi\u00f9 versamenti nel corso dell\u2019anno, fino ad un massimo di 4.200 \u20ac, concessa fino al conseguimento del titolo di studio e per un periodo massimo di 12 mesi (vincolata al regolare proseguimento degli studi, come indicato dal bando);<\/li><li>supporto di counseling psicologico mediante colloqui mirati al potenziamento cognitivo, al sostegno dell\u2019autostima e alla resilienza, e ad eventuali strategie per affrontare e superare il calo della motivazione, lo stress, l\u2019ansia da prestazione e\/o difficolt\u00e0 nelle relazioni interpersonali.<\/li><\/ul>\n\n\n\n<p>L\u2019intervento \u00e8 rivolto a studenti che siano iscritti ad un corso di laurea magistrale, in corso e fuori corso.<\/p>\n\n\n\n<p>Saranno erogati due interventi di sostegno: il primo rivolto ad uno\/a studente\/essa iscritto\/a ad un corso di laurea negli ambiti scientifico, ingegneristico, medico e affini ed il secondo rivolto ad uno\/a studente\/essa iscritto\/a ad un corso di laurea negli ambiti umanistico, scienze umane e sociali e affini. Per ognuno dei due interventi \u00e8 previsto un bando specifico, al quale si rimanda per le classi di laurea ammesse.<\/p>\n\n\n\n<p>I criteri di ammissione e le modalit\u00e0 per la presentazione della domanda sono illustrati nel bando. Il bando \u00e8 aperto agli studenti in possesso dei requisiti.<\/p>\n\n\n\n<p>Gli studenti interessati dovranno compilare la domanda online &nbsp;entro il giorno 6\/09\/2020.<\/p>\n\n\n\n<p>\u00c8 possibile richiedere ulteriori informazioni al seguente indirizzo e-mail:&nbsp;<a href=\"mailto:info@dirittofuturo.org\">info@dirittofuturo.org<\/a>.<\/p>\n\n\n\n<p>Per prendere visione dei bandi per l&#8217;anno accademico 2020-2021:<\/p>\n\n\n\n<div class=\"wp-block-file\"><a href=\"https:\/\/www.dirittofuturo.org\/wp-content\/uploads\/2020\/07\/Bando-sostegno-allo-studio-ADF-2020-2021-lauree-scientifiche-ingegneristiche-mediche6855.pdf\">Bando per l&#8217;accesso a misure di sostegno allo studio per studenti iscritti a corsi di laurea magistrale negli ambiti scientifico, ingegneristico, medico e affini.<\/a><a href=\"https:\/\/www.dirittofuturo.org\/wp-content\/uploads\/2020\/07\/Bando-sostegno-allo-studio-ADF-2020-2021-lauree-scientifiche-ingegneristiche-mediche6855.pdf\" class=\"wp-block-file__button\" download>Download<\/a><\/div>\n\n\n\n<div class=\"wp-block-file\"><a href=\"https:\/\/www.dirittofuturo.org\/wp-content\/uploads\/2020\/07\/Bando-sostegno-allo-studio-ADF-2020-2021-lauree-umanistiche.pdf\">Bando per l&#8217;accesso a misure di sostegno allo studio per studenti iscritti a corsi di laurea magistrale negli ambiti umanistico, delle scienze umane e sociali e affini.<\/a><a href=\"https:\/\/www.dirittofuturo.org\/wp-content\/uploads\/2020\/07\/Bando-sostegno-allo-studio-ADF-2020-2021-lauree-umanistiche.pdf\" class=\"wp-block-file__button\" download>Download<\/a><\/div>\n\n\n\n<p>Per compilare la domanda:<\/p>\n\n\n\n<p><a href=\"https:\/\/forms.gle\/zh93ZjAFcvERmaf36\" target=\"_blank\" rel=\"noreferrer noopener\">https:\/\/forms.gle\/zh93ZjAFcvERmaf36<\/a><\/p>\n<div style='text-align:center' class='yasr-auto-insert-visitor'><!--Yasr Visitor Votes Shortcode--><div id='yasr_visitor_votes_181a1269406df' class='yasr-visitor-votes'><div class=\"yasr-custom-text-vv-before yasr-custom-text-vv-before-602\">Clicca per votare questo articolo!<\/div><div id='yasr-vv-second-row-container-181a1269406df'\r\n                                        class='yasr-vv-second-row-container'><div id='yasr-visitor-votes-rater-181a1269406df'\r\n                                      class='yasr-rater-stars-vv'\r\n                                      data-rater-postid='602'\r\n                                      data-rating='0'\r\n                                      data-rater-starsize='32'\r\n                                      data-rater-readonly='false'\r\n                                      data-rater-nonce='f6054d939a'\r\n                                      data-issingular='false'\r\n                                    ><\/div><div class=\"yasr-vv-stats-text-container\" id=\"yasr-vv-stats-text-container-181a1269406df\"><svg xmlns=\"https:\/\/www.w3.org\/2000\/svg\" width=\"20\" height=\"20\"\r\n                                   class=\"yasr-dashicons-visitor-stats\"\r\n                                   data-postid=\"602\"\r\n                                   id=\"yasr-stats-dashicon-181a1269406df\">\r\n                                   <path d=\"M18 18v-16h-4v16h4zM12 18v-11h-4v11h4zM6 18v-8h-4v8h4z\"><\/path>\r\n                               <\/svg><span id=\"yasr-vv-text-container-181a1269406df\" class=\"yasr-vv-text-container\">[Total: <span id=\"yasr-vv-votes-number-container-181a1269406df\">0<\/span>  Average: <span id=\"yasr-vv-average-container-181a1269406df\">0<\/span>]<\/span><\/div><div id='yasr-vv-loader-181a1269406df' class='yasr-vv-container-loader'><\/div><\/div><div id='yasr-vv-bottom-container-181a1269406df' class='yasr-vv-bottom-container'><\/div><\/div><!--End Yasr Visitor Votes Shortcode--><\/div>","protected":false},"excerpt":{"rendered":"<p>L\u2019Associazione Diritto al Futuro ETS-APS sostiene il diritto allo studio. Offre un progetto integrato di sostegno economico e counseling psicologico. L\u2019obiettivo \u00e8 incentivare ed ampliare la possibilit\u00e0 di accesso agli studi universitari, ed evitare che studenti con minori disponibilit\u00e0 economiche e\/o piccole o grandi difficolt\u00e0 di natura psiciologico-motivazionale abbiano minori opportunit\u00e0 di intraprendere un corso &hellip; <\/p>\n<p class=\"link-more\"><a href=\"https:\/\/www.dirittofuturo.org\/?page_id=602\" class=\"more-link\">Leggi tutto<span class=\"screen-reader-text\"> &#8220;Diritto allo studio&#8221;<\/span><\/a><\/p>\n","protected":false},"author":2,"featured_media":0,"parent":0,"menu_order":0,"comment_status":"closed","ping_status":"closed","template":"","meta":{"yasr_overall_rating":0,"yasr_post_is_review":"","yasr_auto_insert_disabled":"","yasr_review_type":"","footnotes":""},"class_list":["post-602","page","type-page","status-publish","hentry"],"yasr_visitor_votes":{"stars_attributes":{"read_only":false,"span_bottom":false},"number_of_votes":0,"sum_votes":0},"_links":{"self":[{"href":"https:\/\/www.dirittofuturo.org\/index.php?rest_route=\/wp\/v2\/pages\/602","targetHints":{"allow":["GET"]}}],"collection":[{"href":"https:\/\/www.dirittofuturo.org\/index.php?rest_route=\/wp\/v2\/pages"}],"about":[{"href":"https:\/\/www.dirittofuturo.org\/index.php?rest_route=\/wp\/v2\/types\/page"}],"author":[{"embeddable":true,"href":"https:\/\/www.dirittofuturo.org\/index.php?rest_route=\/wp\/v2\/users\/2"}],"replies":[{"embeddable":true,"href":"https:\/\/www.dirittofuturo.org\/index.php?rest_route=%2Fwp%2Fv2%2Fcomments&post=602"}],"version-history":[{"count":24,"href":"https:\/\/www.dirittofuturo.org\/index.php?rest_route=\/wp\/v2\/pages\/602\/revisions"}],"predecessor-version":[{"id":1286,"href":"https:\/\/www.dirittofuturo.org\/index.php?rest_route=\/wp\/v2\/pages\/602\/revisions\/1286"}],"wp:attachment":[{"href":"https:\/\/www.dirittofuturo.org\/index.php?rest_route=%2Fwp%2Fv2%2Fmedia&parent=602"}],"curies":[{"name":"wp","href":"https:\/\/api.w.org\/{rel}","templated":true}]}}