{"id":141,"date":"2020-03-30T20:07:00","date_gmt":"2020-03-30T20:07:00","guid":{"rendered":"http:\/\/www.dirittofuturo.org\/?page_id=141"},"modified":"2025-06-01T03:22:17","modified_gmt":"2025-06-01T01:22:17","slug":"osservatorio-sul-mercato-del-lavoro","status":"publish","type":"page","link":"https:\/\/www.dirittofuturo.org\/?page_id=141","title":{"rendered":"Osservatorio sul Mercato del lavoro"},"content":{"rendered":"<div class=\"wp-block-image\">\n<figure class=\"aligncenter size-large\"><img loading=\"lazy\" decoding=\"async\" width=\"1024\" height=\"382\" src=\"https:\/\/www.dirittofuturo.org\/wp-content\/uploads\/2021\/03\/odfi-site_red-21-1024x382.jpg\" alt=\"\" class=\"wp-image-1020\" srcset=\"https:\/\/www.dirittofuturo.org\/wp-content\/uploads\/2021\/03\/odfi-site_red-21-1024x382.jpg 1024w, https:\/\/www.dirittofuturo.org\/wp-content\/uploads\/2021\/03\/odfi-site_red-21-300x112.jpg 300w, https:\/\/www.dirittofuturo.org\/wp-content\/uploads\/2021\/03\/odfi-site_red-21-768x287.jpg 768w, https:\/\/www.dirittofuturo.org\/wp-content\/uploads\/2021\/03\/odfi-site_red-21-1536x573.jpg 1536w, https:\/\/www.dirittofuturo.org\/wp-content\/uploads\/2021\/03\/odfi-site_red-21-2048x764.jpg 2048w\" sizes=\"auto, (max-width: 767px) 89vw, (max-width: 1000px) 54vw, (max-width: 1071px) 543px, 580px\" \/><\/figure>\n<\/div>\n\n\n<p>L\u2019osservatorio sul mercato del lavoro (OMDL) si occupa delle dinamiche e della struttura dell\u2019occupazione nel contesto macroeconomico italiano e internazionale.<\/p>\n\n\n\n<p>L&#8217;OMDL pubblica un report periodico che analizza le principali tendenze in atto dell\u2019economia e dell\u2019occupazione. La presentazione dei dati statistici ufficiali di riferimento tiene conto della costruzione e della complessit\u00e0 del dato, offrendo una possibilit\u00e0 di lettura pi\u00f9 approfondita e consapevole rispetto alla comunicazione dei mass-media. Il report presenta inoltre di volta in volta un focus tematico specifico sul Mercato del Lavoro.<\/p>\n\n\n\n<p><\/p>\n\n\n\n<p><strong>Rapporti periodici sul mercato del lavoro<\/strong><\/p>\n\n\n\n<p><\/p>\n\n\n\n<p>2025<\/p>\n\n\n\n<p><\/p>\n\n\n\n<div class=\"wp-block-file\"><a id=\"wp-block-file--media-0dac28de-3e81-48e1-b628-ab4a9c68339f\" href=\"https:\/\/www.dirittofuturo.org\/wp-content\/uploads\/2025\/06\/Rapporto-OMDL-8-MAGGIO-2025-1.pdf\">Rapporto-OMDL-8-Maggio-2025<\/a><a href=\"https:\/\/www.dirittofuturo.org\/wp-content\/uploads\/2025\/06\/Rapporto-OMDL-8-MAGGIO-2025-1.pdf\" class=\"wp-block-file__button wp-element-button\" download aria-describedby=\"wp-block-file--media-0dac28de-3e81-48e1-b628-ab4a9c68339f\">Download<\/a><\/div>\n\n\n\n<p><\/p>\n\n\n\n<p>2024<\/p>\n\n\n\n<p><\/p>\n\n\n\n<div class=\"wp-block-file\"><a id=\"wp-block-file--media-40b4e1f5-7e04-4db4-8746-2b9ae39341fc\" href=\"https:\/\/www.dirittofuturo.org\/wp-content\/uploads\/2024\/01\/Rapporto-OMDL-N\u00b0-7-Dicembre-2023.pdf\">Rapporto-OMDL-7-Dicembre-2023<\/a><a href=\"https:\/\/www.dirittofuturo.org\/wp-content\/uploads\/2024\/01\/Rapporto-OMDL-N\u00b0-7-Dicembre-2023.pdf\" class=\"wp-block-file__button wp-element-button\" download aria-describedby=\"wp-block-file--media-40b4e1f5-7e04-4db4-8746-2b9ae39341fc\">Download<\/a><\/div>\n\n\n\n<p>2023<\/p>\n\n\n\n<div class=\"wp-block-file\"><a id=\"wp-block-file--media-2e6480d1-8ef6-47b2-bec9-b0f6fd1b4ab7\" href=\"https:\/\/www.dirittofuturo.org\/wp-content\/uploads\/2023\/05\/Centro-Studi-ADF-Rapporto-OMDL-6-Aprile-2023.pdf\">Rapporto-OMDL-6-Aprile-2023-LA_QUESTIONE_SALARIALE<\/a><a href=\"https:\/\/www.dirittofuturo.org\/wp-content\/uploads\/2023\/05\/Centro-Studi-ADF-Rapporto-OMDL-6-Aprile-2023.pdf\" class=\"wp-block-file__button wp-element-button\" download aria-describedby=\"wp-block-file--media-2e6480d1-8ef6-47b2-bec9-b0f6fd1b4ab7\">Download<\/a><\/div>\n\n\n\n<p>2022<\/p>\n\n\n\n<div class=\"wp-block-file\"><a id=\"wp-block-file--media-a957537f-8cbc-4d29-83b4-f37fdf994bd9\" href=\"https:\/\/www.dirittofuturo.org\/wp-content\/uploads\/2022\/03\/Rapporto_5_-OMDL_27-marzo.pdf\">Rapporto-OMDL-5-Marzo 2022<\/a><a href=\"https:\/\/www.dirittofuturo.org\/wp-content\/uploads\/2022\/03\/Rapporto_5_-OMDL_27-marzo.pdf\" class=\"wp-block-file__button wp-element-button\" download aria-describedby=\"wp-block-file--media-a957537f-8cbc-4d29-83b4-f37fdf994bd9\">Download<\/a><\/div>\n\n\n\n<p>2021<\/p>\n\n\n\n<div class=\"wp-block-file\"><a id=\"wp-block-file--media-c6ac5325-967d-4500-b09c-efa374da5bba\" href=\"https:\/\/www.dirittofuturo.org\/wp-content\/uploads\/2021\/08\/Rapporto_-OMDL_4-Giugno-2021.pdf\">Rapporto-OMDL-4-Giugno-2021<\/a><a href=\"https:\/\/www.dirittofuturo.org\/wp-content\/uploads\/2021\/08\/Rapporto_-OMDL_4-Giugno-2021.pdf\" class=\"wp-block-file__button wp-element-button\" download aria-describedby=\"wp-block-file--media-c6ac5325-967d-4500-b09c-efa374da5bba\">Download<\/a><\/div>\n\n\n\n<figure class=\"wp-block-embed is-type-video is-provider-youtube wp-block-embed-youtube wp-embed-aspect-16-9 wp-has-aspect-ratio\"><div class=\"wp-block-embed__wrapper\">\n<iframe loading=\"lazy\" title=\"L\u2019 impatto del Covid-19 su economia e lavoro\" width=\"525\" height=\"295\" src=\"https:\/\/www.youtube.com\/embed\/_TBE6LiyJuQ?start=3&#038;feature=oembed\" frameborder=\"0\" allow=\"accelerometer; autoplay; clipboard-write; encrypted-media; gyroscope; picture-in-picture; web-share\" referrerpolicy=\"strict-origin-when-cross-origin\" allowfullscreen><\/iframe>\n<\/div><\/figure>\n\n\n\n<div class=\"wp-block-file\"><a id=\"wp-block-file--media-85a3144a-4207-4ba3-8a24-170e4f46095c\" href=\"https:\/\/www.dirittofuturo.org\/wp-content\/uploads\/2021\/02\/Rapporto-OMDL-3-Gennaio-2021.pdf\">Rapporto-OMDL-3-Gennaio-2021<\/a><a href=\"https:\/\/www.dirittofuturo.org\/wp-content\/uploads\/2021\/02\/Rapporto-OMDL-3-Gennaio-2021.pdf\" class=\"wp-block-file__button wp-element-button\" download aria-describedby=\"wp-block-file--media-85a3144a-4207-4ba3-8a24-170e4f46095c\">Download<\/a><\/div>\n\n\n\n<hr class=\"wp-block-separator has-css-opacity\"\/>\n\n\n\n<p>2020<\/p>\n\n\n\n<div class=\"wp-block-file\"><a id=\"wp-block-file--media-0709356f-af34-4b8d-aefa-2efacdcf8d55\" href=\"https:\/\/www.dirittofuturo.org\/wp-content\/uploads\/2020\/07\/Rapporto-OMDL-2-Luglio-2020.pdf\">Rapporto-OMDL-2-Luglio-2020<\/a><a href=\"https:\/\/www.dirittofuturo.org\/wp-content\/uploads\/2020\/07\/Rapporto-OMDL-2-Luglio-2020.pdf\" class=\"wp-block-file__button wp-element-button\" download aria-describedby=\"wp-block-file--media-0709356f-af34-4b8d-aefa-2efacdcf8d55\">Download<\/a><\/div>\n\n\n\n<div class=\"wp-block-file\"><a id=\"wp-block-file--media-7fa5c74d-9029-4917-a36c-15fbbaeef1e4\" href=\"https:\/\/www.dirittofuturo.org\/wp-content\/uploads\/2020\/07\/Rapporto-OMDL-1-Gennaio-2020-1.pdf\">Rapporto-OMDL-1-Gennaio-2020<\/a><a href=\"https:\/\/www.dirittofuturo.org\/wp-content\/uploads\/2020\/07\/Rapporto-OMDL-1-Gennaio-2020-1.pdf\" class=\"wp-block-file__button wp-element-button\" download aria-describedby=\"wp-block-file--media-7fa5c74d-9029-4917-a36c-15fbbaeef1e4\">Download<\/a><\/div>\n\n\n\n<p><\/p>\n<div style='text-align:center' class='yasr-auto-insert-visitor'><!--Yasr Visitor Votes Shortcode--><div id='yasr_visitor_votes_059438a006e56' class='yasr-visitor-votes'><div class=\"yasr-custom-text-vv-before yasr-custom-text-vv-before-141\">Clicca per votare questo articolo!<\/div><div id='yasr-vv-second-row-container-059438a006e56'\r\n                                        class='yasr-vv-second-row-container'><div id='yasr-visitor-votes-rater-059438a006e56'\r\n                                      class='yasr-rater-stars-vv'\r\n                                      data-rater-postid='141'\r\n                                      data-rating='0'\r\n                                      data-rater-starsize='32'\r\n                                      data-rater-readonly='false'\r\n                                      data-rater-nonce='f6054d939a'\r\n                                      data-issingular='false'\r\n                                    ><\/div><div class=\"yasr-vv-stats-text-container\" id=\"yasr-vv-stats-text-container-059438a006e56\"><svg xmlns=\"https:\/\/www.w3.org\/2000\/svg\" width=\"20\" height=\"20\"\r\n                                   class=\"yasr-dashicons-visitor-stats\"\r\n                                   data-postid=\"141\"\r\n                                   id=\"yasr-stats-dashicon-059438a006e56\">\r\n                                   <path d=\"M18 18v-16h-4v16h4zM12 18v-11h-4v11h4zM6 18v-8h-4v8h4z\"><\/path>\r\n                               <\/svg><span id=\"yasr-vv-text-container-059438a006e56\" class=\"yasr-vv-text-container\">[Total: <span id=\"yasr-vv-votes-number-container-059438a006e56\">0<\/span>  Average: <span id=\"yasr-vv-average-container-059438a006e56\">0<\/span>]<\/span><\/div><div id='yasr-vv-loader-059438a006e56' class='yasr-vv-container-loader'><\/div><\/div><div id='yasr-vv-bottom-container-059438a006e56' class='yasr-vv-bottom-container'><\/div><\/div><!--End Yasr Visitor Votes Shortcode--><\/div>","protected":false},"excerpt":{"rendered":"<p>L\u2019osservatorio sul mercato del lavoro (OMDL) si occupa delle dinamiche e della struttura dell\u2019occupazione nel contesto macroeconomico italiano e internazionale. L&#8217;OMDL pubblica un report periodico che analizza le principali tendenze in atto dell\u2019economia e dell\u2019occupazione. La presentazione dei dati statistici ufficiali di riferimento tiene conto della costruzione e della complessit\u00e0 del dato, offrendo una possibilit\u00e0 &hellip; <\/p>\n<p class=\"link-more\"><a href=\"https:\/\/www.dirittofuturo.org\/?page_id=141\" class=\"more-link\">Leggi tutto<span class=\"screen-reader-text\"> &#8220;Osservatorio sul Mercato del lavoro&#8221;<\/span><\/a><\/p>\n","protected":false},"author":1,"featured_media":0,"parent":107,"menu_order":0,"comment_status":"closed","ping_status":"closed","template":"","meta":{"yasr_overall_rating":0,"yasr_post_is_review":"","yasr_auto_insert_disabled":"","yasr_review_type":"","footnotes":""},"class_list":["post-141","page","type-page","status-publish","hentry"],"yasr_visitor_votes":{"stars_attributes":{"read_only":false,"span_bottom":false},"number_of_votes":0,"sum_votes":0},"_links":{"self":[{"href":"https:\/\/www.dirittofuturo.org\/index.php?rest_route=\/wp\/v2\/pages\/141","targetHints":{"allow":["GET"]}}],"collection":[{"href":"https:\/\/www.dirittofuturo.org\/index.php?rest_route=\/wp\/v2\/pages"}],"about":[{"href":"https:\/\/www.dirittofuturo.org\/index.php?rest_route=\/wp\/v2\/types\/page"}],"author":[{"embeddable":true,"href":"https:\/\/www.dirittofuturo.org\/index.php?rest_route=\/wp\/v2\/users\/1"}],"replies":[{"embeddable":true,"href":"https:\/\/www.dirittofuturo.org\/index.php?rest_route=%2Fwp%2Fv2%2Fcomments&post=141"}],"version-history":[{"count":38,"href":"https:\/\/www.dirittofuturo.org\/index.php?rest_route=\/wp\/v2\/pages\/141\/revisions"}],"predecessor-version":[{"id":1919,"href":"https:\/\/www.dirittofuturo.org\/index.php?rest_route=\/wp\/v2\/pages\/141\/revisions\/1919"}],"up":[{"embeddable":true,"href":"https:\/\/www.dirittofuturo.org\/index.php?rest_route=\/wp\/v2\/pages\/107"}],"wp:attachment":[{"href":"https:\/\/www.dirittofuturo.org\/index.php?rest_route=%2Fwp%2Fv2%2Fmedia&parent=141"}],"curies":[{"name":"wp","href":"https:\/\/api.w.org\/{rel}","templated":true}]}}