{"id":1097,"date":"2021-04-01T23:46:04","date_gmt":"2021-04-01T21:46:04","guid":{"rendered":"http:\/\/www.dirittofuturo.org\/?page_id=1097"},"modified":"2025-10-05T17:02:50","modified_gmt":"2025-10-05T15:02:50","slug":"universita","status":"publish","type":"page","link":"https:\/\/www.dirittofuturo.org\/?page_id=1097","title":{"rendered":"Universit\u00e0"},"content":{"rendered":"\n<p>L\u2019Associazione Diritto al Futuro ETS-APS offre <strong>due tipologie di borse di studio<\/strong> rivolte a studenti con difficolt\u00e0 economiche:<\/p>\n\n\n\n<ul class=\"wp-block-list\">\n<li><strong>Borse di studio di avvio<\/strong>: dedicate a <strong>neodiplomati<\/strong> che desiderano intraprendere il percorso universitario. Oltre al sostegno economico, \u00e8 previsto un accompagnamento psicologico per supportare la transizione verso l\u2019universit\u00e0.<\/li>\n\n\n\n<li><strong>Borse di studio di completamento<\/strong>: destinate a <strong>studenti<\/strong> <strong>gi\u00e0 iscritti<\/strong> all\u2019universit\u00e0 che intendono completare il percorso, ma si trovano in condizioni economiche sfavorevoli.<\/li>\n<\/ul>\n\n\n\n<p>In entrambi i casi, l\u2019obiettivo \u00e8 garantire che l\u2019accesso e il completamento degli studi universitari non siano ostacolati da difficolt\u00e0 economiche, promuovendo cos\u00ec opportunit\u00e0 reali per costruire un futuro professionale e personale.<\/p>\n<div style='text-align:center' class='yasr-auto-insert-visitor'><!--Yasr Visitor Votes Shortcode--><div id='yasr_visitor_votes_8468ac4150961' class='yasr-visitor-votes'><div class=\"yasr-custom-text-vv-before yasr-custom-text-vv-before-1097\">Clicca per votare questo articolo!<\/div><div id='yasr-vv-second-row-container-8468ac4150961'\r\n                                        class='yasr-vv-second-row-container'><div id='yasr-visitor-votes-rater-8468ac4150961'\r\n                                      class='yasr-rater-stars-vv'\r\n                                      data-rater-postid='1097'\r\n                                      data-rating='0'\r\n                                      data-rater-starsize='32'\r\n                                      data-rater-readonly='false'\r\n                                      data-rater-nonce='f6054d939a'\r\n                                      data-issingular='false'\r\n                                    ><\/div><div class=\"yasr-vv-stats-text-container\" id=\"yasr-vv-stats-text-container-8468ac4150961\"><svg xmlns=\"https:\/\/www.w3.org\/2000\/svg\" width=\"20\" height=\"20\"\r\n                                   class=\"yasr-dashicons-visitor-stats\"\r\n                                   data-postid=\"1097\"\r\n                                   id=\"yasr-stats-dashicon-8468ac4150961\">\r\n                                   <path d=\"M18 18v-16h-4v16h4zM12 18v-11h-4v11h4zM6 18v-8h-4v8h4z\"><\/path>\r\n                               <\/svg><span id=\"yasr-vv-text-container-8468ac4150961\" class=\"yasr-vv-text-container\">[Total: <span id=\"yasr-vv-votes-number-container-8468ac4150961\">0<\/span>  Average: <span id=\"yasr-vv-average-container-8468ac4150961\">0<\/span>]<\/span><\/div><div id='yasr-vv-loader-8468ac4150961' class='yasr-vv-container-loader'><\/div><\/div><div id='yasr-vv-bottom-container-8468ac4150961' class='yasr-vv-bottom-container'><\/div><\/div><!--End Yasr Visitor Votes Shortcode--><\/div>","protected":false},"excerpt":{"rendered":"<p>L\u2019Associazione Diritto al Futuro ETS-APS offre due tipologie di borse di studio rivolte a studenti con difficolt\u00e0 economiche: In entrambi i casi, l\u2019obiettivo \u00e8 garantire che l\u2019accesso e il completamento degli studi universitari non siano ostacolati da difficolt\u00e0 economiche, promuovendo cos\u00ec opportunit\u00e0 reali per costruire un futuro professionale e personale. Clicca per votare questo articolo! &hellip; <\/p>\n<p class=\"link-more\"><a href=\"https:\/\/www.dirittofuturo.org\/?page_id=1097\" class=\"more-link\">Leggi tutto<span class=\"screen-reader-text\"> &#8220;Universit\u00e0&#8221;<\/span><\/a><\/p>\n","protected":false},"author":2,"featured_media":0,"parent":0,"menu_order":0,"comment_status":"closed","ping_status":"closed","template":"","meta":{"yasr_overall_rating":0,"yasr_post_is_review":"","yasr_auto_insert_disabled":"","yasr_review_type":"","footnotes":""},"class_list":["post-1097","page","type-page","status-publish","hentry"],"yasr_visitor_votes":{"stars_attributes":{"read_only":false,"span_bottom":false},"number_of_votes":0,"sum_votes":0},"_links":{"self":[{"href":"https:\/\/www.dirittofuturo.org\/index.php?rest_route=\/wp\/v2\/pages\/1097","targetHints":{"allow":["GET"]}}],"collection":[{"href":"https:\/\/www.dirittofuturo.org\/index.php?rest_route=\/wp\/v2\/pages"}],"about":[{"href":"https:\/\/www.dirittofuturo.org\/index.php?rest_route=\/wp\/v2\/types\/page"}],"author":[{"embeddable":true,"href":"https:\/\/www.dirittofuturo.org\/index.php?rest_route=\/wp\/v2\/users\/2"}],"replies":[{"embeddable":true,"href":"https:\/\/www.dirittofuturo.org\/index.php?rest_route=%2Fwp%2Fv2%2Fcomments&post=1097"}],"version-history":[{"count":3,"href":"https:\/\/www.dirittofuturo.org\/index.php?rest_route=\/wp\/v2\/pages\/1097\/revisions"}],"predecessor-version":[{"id":2003,"href":"https:\/\/www.dirittofuturo.org\/index.php?rest_route=\/wp\/v2\/pages\/1097\/revisions\/2003"}],"wp:attachment":[{"href":"https:\/\/www.dirittofuturo.org\/index.php?rest_route=%2Fwp%2Fv2%2Fmedia&parent=1097"}],"curies":[{"name":"wp","href":"https:\/\/api.w.org\/{rel}","templated":true}]}}