{"id":1073,"date":"2021-03-29T22:35:32","date_gmt":"2021-03-29T20:35:32","guid":{"rendered":"http:\/\/www.dirittofuturo.org\/?page_id=1073"},"modified":"2026-01-13T11:55:44","modified_gmt":"2026-01-13T09:55:44","slug":"edizioni-adf","status":"publish","type":"page","link":"https:\/\/www.dirittofuturo.org\/?page_id=1073","title":{"rendered":"ADF Edizioni"},"content":{"rendered":"\n<p>Diritto al Futuro ETS-APS ha avviato nel 2024 un progetto di attivit\u00e0 editoriale, ADF Edizioni, dotato di un comitato scientifico, un comitato tecnico e un comitato editoriale.<\/p>\n\n\n\n<h2 class=\"wp-block-heading\"><strong>Comitato scientifico<\/strong><\/h2>\n\n\n\n<p>Il Comitato Scientifico \u00e8 composto da accademici sia italiani che stranieri ed \u00e8 un organo di supporto all\u2019attivit\u00e0 del Comitato Editoriale di ADF Edizioni e viene nominato dal Consiglio Direttivo dell\u2019Associazione Diritto al Futuro ETS-APS.<\/p>\n\n\n\n<p>Il Comitato Scientifico contribuisce alla definizione del piano editoriale e dei meccanismi di valutazione delle pubblicazioni scientifiche mediante attivit\u00e0 di referaggio a garanzia della qualit\u00e0 delle opere della casa editrice.<\/p>\n\n\n\n<p>Per il triennio 2024-2026 \u00e8 formato dai seguenti componenti:<\/p>\n\n\n\n<p>Matteo Cavallaro, Laboratoire d\u2019Economie Dionysien, <em>Universit\u00e9 Paris 8 &#8211; Paris-Vincennes-Saint-Denis<\/em><\/p>\n\n\n\n<p>Anna Rosa Favretto<em>, Dipartimento di Psicologia, Universit\u00e0 degli Studi di Torino<\/em><\/p>\n\n\n\n<p>Lorenzo Fattori, Dipartimento di Scienze economiche e politiche, Universit\u00e0 della Valle d\u2019Aosta<\/p>\n\n\n\n<p>Lia Fubini<em>,<\/em> gi\u00e0 docente presso il Dipartimento Cognetti De Martis, Universit\u00e0 degli Studi di Torino<\/p>\n\n\n\n<p>Stefania Graziani, Dipartimento di Scienze Umane e Sociali, Universit\u00e0 della Valle d\u2019Aosta<\/p>\n\n\n\n<p>Aur\u00e9lio S\u00e9rgio Crist\u00f3v\u00e3o Guterres, Faculty of Social and Political Sciences (Fisipol), Universidade Nacional Timor Lorosa&#8217;e (UNTL)<\/p>\n\n\n\n<p>Massimo Angelo Zanetti, Dipartimento di Scienze economiche e politiche, Universit\u00e0 della Valle d\u2019Aosta<\/p>\n\n\n\n<p>Carlo Della Pelle, Dipartimento di Scienze Mediche, Orali e Biotecnologiche, Universit\u00e0 degli Studi &#8220;G. D&#8217;Annunzio&#8221; Chieti-Pescara<\/p>\n\n\n\n<h2 class=\"wp-block-heading\"><strong>Comitato Tecnico<\/strong><\/h2>\n\n\n\n<p>Il Comitato Tecnico \u00e8 composto da esperti e professionisti sia italiani che stranieri competenti negli ambiti oggetto delle attivit\u00e0 editoriali di ADF Edizioni.<\/p>\n\n\n\n<p>Il Comitato contribuisce alla definizione del piano editoriale ed \u00e8 un organo di supporto all\u2019attivit\u00e0 del Comitato editoriale.<\/p>\n\n\n\n<p>Il Comitato viene nominato dal Consiglio Direttivo dell\u2019Associazione Diritto al Futuro ETS-APS.<\/p>\n\n\n\n<p>Per il triennio 2024-2026 \u00e8 formato dai seguenti componenti:<\/p>\n\n\n\n<p>Monica Barzelloni, formatrice ed educatrice artistica, esperta in discipline plastiche e scultoree con diploma alle Belle Arti.<br><br>Davide Corona, esperto settore ICT<\/p>\n\n\n\n<p>Katya Foletto, Consigliera di Parit\u00e0 della Regione Autonoma Valle d\u2019Aosta<\/p>\n\n\n\n<p>Alessandro Samor\u00ec, esperto di mercati finanziari e finanza internazionale<\/p>\n\n\n\n<p>Seck Mamadou, sindacalista<\/p>\n\n\n\n<h2 class=\"wp-block-heading\"><strong>Comitato Editoriale<\/strong><\/h2>\n\n\n\n<p>Il Comitato Editoriale cura la realizzazione del piano editoriale ed \u00e8 responsabile della lavorazione dei volumi, dei rapporti periodici e dei numeri delle riviste e delle connesse attivit\u00e0 di comunicazione, promozione e diffusione. Seleziona, ove previsti, i revisori anonimi e gestisce le relazioni con gli stessi e gli autori dalla sottomissione fino alla pubblicazione del volume, del rapporto o dell\u2019articolo.<br><br>\u00c8 attualmente composto da:<\/p>\n\n\n\n<p>Monica Barzelloni<\/p>\n\n\n\n<p>Davide Corona<\/p>\n\n\n\n<p>Lia Fubini<\/p>\n\n\n\n<p>Riccardo Pellegrino<\/p>\n\n\n\n<p>Alessandro Samor\u00ec<\/p>\n\n\n\n<p>Massimo Angelo Zanetti<\/p>\n<div style='text-align:center' class='yasr-auto-insert-visitor'><!--Yasr Visitor Votes Shortcode--><div id='yasr_visitor_votes_0b0a84e6e6a18' class='yasr-visitor-votes'><div class=\"yasr-custom-text-vv-before yasr-custom-text-vv-before-1073\">Clicca per votare questo articolo!<\/div><div id='yasr-vv-second-row-container-0b0a84e6e6a18'\r\n                                        class='yasr-vv-second-row-container'><div id='yasr-visitor-votes-rater-0b0a84e6e6a18'\r\n                                      class='yasr-rater-stars-vv'\r\n                                      data-rater-postid='1073'\r\n                                      data-rating='0'\r\n                                      data-rater-starsize='32'\r\n                                      data-rater-readonly='false'\r\n                                      data-rater-nonce='f6054d939a'\r\n                                      data-issingular='false'\r\n                                    ><\/div><div class=\"yasr-vv-stats-text-container\" id=\"yasr-vv-stats-text-container-0b0a84e6e6a18\"><svg xmlns=\"https:\/\/www.w3.org\/2000\/svg\" width=\"20\" height=\"20\"\r\n                                   class=\"yasr-dashicons-visitor-stats\"\r\n                                   data-postid=\"1073\"\r\n                                   id=\"yasr-stats-dashicon-0b0a84e6e6a18\">\r\n                                   <path d=\"M18 18v-16h-4v16h4zM12 18v-11h-4v11h4zM6 18v-8h-4v8h4z\"><\/path>\r\n                               <\/svg><span id=\"yasr-vv-text-container-0b0a84e6e6a18\" class=\"yasr-vv-text-container\">[Total: <span id=\"yasr-vv-votes-number-container-0b0a84e6e6a18\">0<\/span>  Average: <span id=\"yasr-vv-average-container-0b0a84e6e6a18\">0<\/span>]<\/span><\/div><div id='yasr-vv-loader-0b0a84e6e6a18' class='yasr-vv-container-loader'><\/div><\/div><div id='yasr-vv-bottom-container-0b0a84e6e6a18' class='yasr-vv-bottom-container'><\/div><\/div><!--End Yasr Visitor Votes Shortcode--><\/div>","protected":false},"excerpt":{"rendered":"<p>Diritto al Futuro ETS-APS ha avviato nel 2024 un progetto di attivit\u00e0 editoriale, ADF Edizioni, dotato di un comitato scientifico, un comitato tecnico e un comitato editoriale. Comitato scientifico Il Comitato Scientifico \u00e8 composto da accademici sia italiani che stranieri ed \u00e8 un organo di supporto all\u2019attivit\u00e0 del Comitato Editoriale di ADF Edizioni e viene &hellip; <\/p>\n<p class=\"link-more\"><a href=\"https:\/\/www.dirittofuturo.org\/?page_id=1073\" class=\"more-link\">Leggi tutto<span class=\"screen-reader-text\"> &#8220;ADF Edizioni&#8221;<\/span><\/a><\/p>\n","protected":false},"author":2,"featured_media":0,"parent":0,"menu_order":0,"comment_status":"closed","ping_status":"closed","template":"","meta":{"yasr_overall_rating":0,"yasr_post_is_review":"","yasr_auto_insert_disabled":"","yasr_review_type":"","footnotes":""},"class_list":["post-1073","page","type-page","status-publish","hentry"],"yasr_visitor_votes":{"stars_attributes":{"read_only":false,"span_bottom":false},"number_of_votes":0,"sum_votes":0},"_links":{"self":[{"href":"https:\/\/www.dirittofuturo.org\/index.php?rest_route=\/wp\/v2\/pages\/1073","targetHints":{"allow":["GET"]}}],"collection":[{"href":"https:\/\/www.dirittofuturo.org\/index.php?rest_route=\/wp\/v2\/pages"}],"about":[{"href":"https:\/\/www.dirittofuturo.org\/index.php?rest_route=\/wp\/v2\/types\/page"}],"author":[{"embeddable":true,"href":"https:\/\/www.dirittofuturo.org\/index.php?rest_route=\/wp\/v2\/users\/2"}],"replies":[{"embeddable":true,"href":"https:\/\/www.dirittofuturo.org\/index.php?rest_route=%2Fwp%2Fv2%2Fcomments&post=1073"}],"version-history":[{"count":19,"href":"https:\/\/www.dirittofuturo.org\/index.php?rest_route=\/wp\/v2\/pages\/1073\/revisions"}],"predecessor-version":[{"id":2023,"href":"https:\/\/www.dirittofuturo.org\/index.php?rest_route=\/wp\/v2\/pages\/1073\/revisions\/2023"}],"wp:attachment":[{"href":"https:\/\/www.dirittofuturo.org\/index.php?rest_route=%2Fwp%2Fv2%2Fmedia&parent=1073"}],"curies":[{"name":"wp","href":"https:\/\/api.w.org\/{rel}","templated":true}]}}